{"id":358,"date":"2026-01-31T21:38:49","date_gmt":"2026-02-01T00:38:49","guid":{"rendered":"https:\/\/bateriasloovalle.cl\/?page_id=358"},"modified":"2026-01-31T21:41:38","modified_gmt":"2026-02-01T00:41:38","slug":"repuestos","status":"publish","type":"page","link":"https:\/\/bateriasloovalle.cl\/index.php\/repuestos\/","title":{"rendered":"Repuestos"},"content":{"rendered":"\t\t<div data-elementor-type=\"wp-page\" data-elementor-id=\"358\" class=\"elementor elementor-358\" data-elementor-post-type=\"page\">\n\t\t\t\t<div class=\"elementor-element elementor-element-e1f49a0 e-flex e-con-boxed e-con e-parent\" data-id=\"e1f49a0\" data-element_type=\"container\">\n\t\t\t\t\t<div class=\"e-con-inner\">\n\t\t<div class=\"elementor-element elementor-element-8f5ad21 e-con-full e-flex e-con e-child\" data-id=\"8f5ad21\" data-element_type=\"container\">\n\t\t\t\t<div class=\"elementor-element elementor-element-20427da elementor-widget elementor-widget-text-editor\" data-id=\"20427da\" data-element_type=\"widget\" data-widget_type=\"text-editor.default\">\n\t\t\t\t\t\t\t\t\t<p>Ofrecemos <strong data-start=\"117\" data-end=\"159\">repuestos de autom\u00f3vil de alta calidad<\/strong>, dise\u00f1ados para garantizar <strong data-start=\"187\" data-end=\"227\">seguridad, rendimiento y durabilidad<\/strong> en todo tipo de veh\u00edculos. Contamos con piezas <strong data-start=\"275\" data-end=\"317\">originales y alternativas certificadas<\/strong>, compatibles con las principales marcas del mercado. Nuestros repuestos destacan por su <strong data-start=\"406\" data-end=\"443\">excelente relaci\u00f3n calidad-precio<\/strong>, disponibilidad inmediata y respaldo t\u00e9cnico, convirti\u00e9ndonos en una opci\u00f3n confiable para mantener tu auto en \u00f3ptimas condiciones..<\/p>\t\t\t\t\t\t\t\t<\/div>\n\t\t\t\t<\/div>\n\t\t<div class=\"elementor-element elementor-element-af63000 e-con-full e-flex e-con e-child\" data-id=\"af63000\" data-element_type=\"container\">\n\t\t\t\t<div class=\"elementor-element elementor-element-be2c855 elementor-widget elementor-widget-image\" data-id=\"be2c855\" data-element_type=\"widget\" data-widget_type=\"image.default\">\n\t\t\t\t\t\t\t\t\t\t\t\t\t\t\t<img fetchpriority=\"high\" decoding=\"async\" width=\"1000\" height=\"667\" src=\"https:\/\/bateriasloovalle.cl\/wp-content\/uploads\/2026\/01\/64d66c6a522b328ec0f412d8_shutterstock_517813702.jpg\" class=\"attachment-large size-large wp-image-362\" alt=\"\" srcset=\"https:\/\/bateriasloovalle.cl\/wp-content\/uploads\/2026\/01\/64d66c6a522b328ec0f412d8_shutterstock_517813702.jpg 1000w, https:\/\/bateriasloovalle.cl\/wp-content\/uploads\/2026\/01\/64d66c6a522b328ec0f412d8_shutterstock_517813702-300x200.jpg 300w, https:\/\/bateriasloovalle.cl\/wp-content\/uploads\/2026\/01\/64d66c6a522b328ec0f412d8_shutterstock_517813702-768x512.jpg 768w\" sizes=\"(max-width: 1000px) 100vw, 1000px\" \/>\t\t\t\t\t\t\t\t\t\t\t\t\t\t\t<\/div>\n\t\t\t\t<\/div>\n\t\t\t\t\t<\/div>\n\t\t\t\t<\/div>\n\t\t\t\t<\/div>\n\t\t","protected":false},"excerpt":{"rendered":"<p>Ofrecemos repuestos de autom\u00f3vil de alta calidad, dise\u00f1ados para garantizar seguridad, rendimiento y durabilidad en todo tipo de veh\u00edculos. Contamos con piezas originales y alternativas certificadas, compatibles con las principales marcas del mercado. Nuestros repuestos destacan por su excelente relaci\u00f3n calidad-precio, disponibilidad inmediata y respaldo t\u00e9cnico, convirti\u00e9ndonos en una opci\u00f3n confiable para mantener tu auto [&hellip;]<\/p>\n","protected":false},"author":1,"featured_media":0,"parent":0,"menu_order":0,"comment_status":"closed","ping_status":"closed","template":"","meta":{"footnotes":""},"class_list":["post-358","page","type-page","status-publish","hentry"],"_links":{"self":[{"href":"https:\/\/bateriasloovalle.cl\/index.php\/wp-json\/wp\/v2\/pages\/358","targetHints":{"allow":["GET"]}}],"collection":[{"href":"https:\/\/bateriasloovalle.cl\/index.php\/wp-json\/wp\/v2\/pages"}],"about":[{"href":"https:\/\/bateriasloovalle.cl\/index.php\/wp-json\/wp\/v2\/types\/page"}],"author":[{"embeddable":true,"href":"https:\/\/bateriasloovalle.cl\/index.php\/wp-json\/wp\/v2\/users\/1"}],"replies":[{"embeddable":true,"href":"https:\/\/bateriasloovalle.cl\/index.php\/wp-json\/wp\/v2\/comments?post=358"}],"version-history":[{"count":4,"href":"https:\/\/bateriasloovalle.cl\/index.php\/wp-json\/wp\/v2\/pages\/358\/revisions"}],"predecessor-version":[{"id":365,"href":"https:\/\/bateriasloovalle.cl\/index.php\/wp-json\/wp\/v2\/pages\/358\/revisions\/365"}],"wp:attachment":[{"href":"https:\/\/bateriasloovalle.cl\/index.php\/wp-json\/wp\/v2\/media?parent=358"}],"curies":[{"name":"wp","href":"https:\/\/api.w.org\/{rel}","templated":true}]}}