{"id":114,"date":"2026-01-22T12:25:14","date_gmt":"2026-01-22T15:25:14","guid":{"rendered":"https:\/\/bateriasloovalle.cl\/?page_id=114"},"modified":"2026-01-22T12:43:07","modified_gmt":"2026-01-22T15:43:07","slug":"quienes-somos","status":"publish","type":"page","link":"https:\/\/bateriasloovalle.cl\/index.php\/quienes-somos\/","title":{"rendered":"Quienes somos"},"content":{"rendered":"\t\t<div data-elementor-type=\"wp-page\" data-elementor-id=\"114\" class=\"elementor elementor-114\" data-elementor-post-type=\"page\">\n\t\t\t\t<div class=\"elementor-element elementor-element-b7891ad e-flex e-con-boxed e-con e-parent\" data-id=\"b7891ad\" data-element_type=\"container\">\n\t\t\t\t\t<div class=\"e-con-inner\">\n\t\t<div class=\"elementor-element elementor-element-4c3ca5d e-con-full e-flex e-con e-child\" data-id=\"4c3ca5d\" data-element_type=\"container\">\n\t\t\t\t<div class=\"elementor-element elementor-element-f4bf12f elementor-widget elementor-widget-text-editor\" data-id=\"f4bf12f\" data-element_type=\"widget\" data-widget_type=\"text-editor.default\">\n\t\t\t\t\t\t\t\t\t<p data-start=\"227\" data-end=\"530\">Somos un taller mec\u00e1nico comprometido con brindar un servicio confiable, honesto y de alta calidad. Contamos con un equipo de t\u00e9cnicos capacitados y con amplia experiencia en el mantenimiento y reparaci\u00f3n de veh\u00edculos, siempre enfocados en ofrecer soluciones eficientes y seguras para nuestros clientes.<\/p><p data-start=\"532\" data-end=\"892\">Nos distinguimos por trabajar con responsabilidad, utilizando herramientas y tecnolog\u00eda adecuadas, as\u00ed como refacciones de calidad, para garantizar el \u00f3ptimo funcionamiento de cada autom\u00f3vil que llega a nuestras instalaciones. Creemos en la transparencia, por lo que explicamos cada diagn\u00f3stico y reparaci\u00f3n de manera clara, generando confianza y tranquilidad.<\/p><p data-start=\"894\" data-end=\"1110\">Nuestro objetivo es mantener tu veh\u00edculo en las mejores condiciones, alargando su vida \u00fatil y asegurando tu seguridad en el camino. M\u00e1s que un taller, somos un aliado que se preocupa por tu auto como si fuera propio.<\/p>\t\t\t\t\t\t\t\t<\/div>\n\t\t\t\t<\/div>\n\t\t<div class=\"elementor-element elementor-element-5bff5f9 e-con-full e-flex e-con e-child\" data-id=\"5bff5f9\" data-element_type=\"container\">\n\t\t\t\t<div class=\"elementor-element elementor-element-37dcad9 elementor-widget elementor-widget-image\" data-id=\"37dcad9\" data-element_type=\"widget\" data-settings=\"{&quot;_animation&quot;:&quot;none&quot;}\" data-widget_type=\"image.default\">\n\t\t\t\t\t\t\t\t\t\t\t\t\t\t\t<img fetchpriority=\"high\" decoding=\"async\" width=\"781\" height=\"439\" src=\"https:\/\/bateriasloovalle.cl\/wp-content\/uploads\/2026\/01\/conoce-el-motor-boxer-y-sus-ventajas.webp\" class=\"attachment-large size-large wp-image-118\" alt=\"\" srcset=\"https:\/\/bateriasloovalle.cl\/wp-content\/uploads\/2026\/01\/conoce-el-motor-boxer-y-sus-ventajas.webp 781w, https:\/\/bateriasloovalle.cl\/wp-content\/uploads\/2026\/01\/conoce-el-motor-boxer-y-sus-ventajas-300x169.webp 300w, https:\/\/bateriasloovalle.cl\/wp-content\/uploads\/2026\/01\/conoce-el-motor-boxer-y-sus-ventajas-768x432.webp 768w\" sizes=\"(max-width: 781px) 100vw, 781px\" \/>\t\t\t\t\t\t\t\t\t\t\t\t\t\t\t<\/div>\n\t\t\t\t<\/div>\n\t\t\t\t\t<\/div>\n\t\t\t\t<\/div>\n\t\t\t\t<\/div>\n\t\t","protected":false},"excerpt":{"rendered":"<p>Somos un taller mec\u00e1nico comprometido con brindar un servicio confiable, honesto y de alta calidad. Contamos con un equipo de t\u00e9cnicos capacitados y con amplia experiencia en el mantenimiento y reparaci\u00f3n de veh\u00edculos, siempre enfocados en ofrecer soluciones eficientes y seguras para nuestros clientes. Nos distinguimos por trabajar con responsabilidad, utilizando herramientas y tecnolog\u00eda adecuadas, [&hellip;]<\/p>\n","protected":false},"author":1,"featured_media":0,"parent":0,"menu_order":0,"comment_status":"closed","ping_status":"closed","template":"","meta":{"footnotes":""},"class_list":["post-114","page","type-page","status-publish","hentry"],"_links":{"self":[{"href":"https:\/\/bateriasloovalle.cl\/index.php\/wp-json\/wp\/v2\/pages\/114","targetHints":{"allow":["GET"]}}],"collection":[{"href":"https:\/\/bateriasloovalle.cl\/index.php\/wp-json\/wp\/v2\/pages"}],"about":[{"href":"https:\/\/bateriasloovalle.cl\/index.php\/wp-json\/wp\/v2\/types\/page"}],"author":[{"embeddable":true,"href":"https:\/\/bateriasloovalle.cl\/index.php\/wp-json\/wp\/v2\/users\/1"}],"replies":[{"embeddable":true,"href":"https:\/\/bateriasloovalle.cl\/index.php\/wp-json\/wp\/v2\/comments?post=114"}],"version-history":[{"count":19,"href":"https:\/\/bateriasloovalle.cl\/index.php\/wp-json\/wp\/v2\/pages\/114\/revisions"}],"predecessor-version":[{"id":137,"href":"https:\/\/bateriasloovalle.cl\/index.php\/wp-json\/wp\/v2\/pages\/114\/revisions\/137"}],"wp:attachment":[{"href":"https:\/\/bateriasloovalle.cl\/index.php\/wp-json\/wp\/v2\/media?parent=114"}],"curies":[{"name":"wp","href":"https:\/\/api.w.org\/{rel}","templated":true}]}}